{"id":233,"date":"2015-06-08T20:32:13","date_gmt":"2015-06-08T20:32:13","guid":{"rendered":"http:\/\/www.laerling.nl\/?page_id=233"},"modified":"2015-06-08T20:32:13","modified_gmt":"2015-06-08T20:32:13","slug":"kontakt","status":"publish","type":"page","link":"http:\/\/www.laerling.nl\/nb\/kontakt\/","title":{"rendered":"Kontakt"},"content":{"rendered":"[vc_row][vc_column width=&raquo;1\/1&#8243;][vc_column_text]\n<h3>Hanko van Rooyen<\/h3>\nT : 0049-(0)91180514\n\nM\u00f8lleveien 19\n\n3140 N\u00f8tter\u00f8y\n\nE: <a href=\"mailto:hanko@artiteq.no\">hanko@artiteq.no<\/a>\n\n[\/vc_column_text][\/vc_column][\/vc_row]","protected":false},"excerpt":{"rendered":"<p>[vc_row][vc_column width=&raquo;1\/1&#8243;][vc_column_text] Hanko van Rooyen T : 0049-(0)91180514 M\u00f8lleveien 19 3140 N\u00f8tter\u00f8y E: hanko@artiteq.no [\/vc_column_text][\/vc_column][\/vc_row]<\/p>\n","protected":false},"author":1,"featured_media":0,"parent":0,"menu_order":0,"comment_status":"closed","ping_status":"closed","template":"","meta":{"_monsterinsights_skip_tracking":false,"_monsterinsights_sitenote_active":false,"_monsterinsights_sitenote_note":"","_monsterinsights_sitenote_category":0,"footnotes":""},"class_list":["post-233","page","type-page","status-publish","hentry"],"_links":{"self":[{"href":"http:\/\/www.laerling.nl\/nb\/wp-json\/wp\/v2\/pages\/233","targetHints":{"allow":["GET"]}}],"collection":[{"href":"http:\/\/www.laerling.nl\/nb\/wp-json\/wp\/v2\/pages"}],"about":[{"href":"http:\/\/www.laerling.nl\/nb\/wp-json\/wp\/v2\/types\/page"}],"author":[{"embeddable":true,"href":"http:\/\/www.laerling.nl\/nb\/wp-json\/wp\/v2\/users\/1"}],"replies":[{"embeddable":true,"href":"http:\/\/www.laerling.nl\/nb\/wp-json\/wp\/v2\/comments?post=233"}],"version-history":[{"count":0,"href":"http:\/\/www.laerling.nl\/nb\/wp-json\/wp\/v2\/pages\/233\/revisions"}],"wp:attachment":[{"href":"http:\/\/www.laerling.nl\/nb\/wp-json\/wp\/v2\/media?parent=233"}],"curies":[{"name":"wp","href":"https:\/\/api.w.org\/{rel}","templated":true}]}}