{"id":230,"date":"2015-06-08T20:17:16","date_gmt":"2015-06-08T20:17:16","guid":{"rendered":"http:\/\/www.laerling.nl\/?page_id=230"},"modified":"2017-11-10T09:35:55","modified_gmt":"2017-11-10T09:35:55","slug":"egenskaper","status":"publish","type":"page","link":"http:\/\/www.laerling.nl\/nb\/egenskaper\/","title":{"rendered":"Egenskaper"},"content":{"rendered":"Ved utviklingen av l\u00e6rlingen har b\u00e5tdesigneren Jan Herman Linge grundig vurdert hvilke egenskaper en slik b\u00e5t m\u00e5 ha for b\u00e5de \u00e5 l\u00e6re barn \u00e5 seile og \u00f8ke entusiasme. Siden denne tomannsb\u00e5ten for barn og unge er utstyrt med en kj\u00f8l er b\u00e5ten stabil og vanskelig \u00e5 kullseile. Dette gir f\u00f8rst og fremst trygghet og tar vek angsten for \u00e5 kullseile hos nybegynnere<em>.<\/em> \u00c5 v\u00e6re selvstendig p\u00e5 vannet blir lett med denne b\u00e5ten. Cockpiten er romslig nok for en voksen, instrukt\u00f8r eller forelder, og et barn \u00e5 seile i sammen. Derfor er L\u00e6rlingen ogs\u00e5 s\u00e5 ettertraktet hos seilskoler.\r\n<p class=\"tabel\"><img decoding=\"async\" class=\"driefoto\" src=\"http:\/\/laerling-old.localhost\/pictures\/tabelnl.png\" alt=\"\" \/><\/p>\r\nDenne kj\u00f8lb\u00e5ten har samme egenskaper som en regatta b\u00e5t for voksne men i minityrutgave. L\u00e6rlingen er laget for \u00d8stersj\u00f8en og dermed ogs\u00e5 for seiling i kraftig wind, uten at cockpiten fylles med vann. Takket v\u00e6re 400 liter skum i skroget, har b\u00e5ten fribord selv om cockpiten er fylt med vann. Standard utgaven av L\u00e6rlingen er utrustet med storseil, fokk og spinnaker av merket NED31\r\n<p class=\"onderdelen\"><a title=\"\" href=\"http:\/\/laerling-old.localhost\/pictures\/onderdelen_nl_resized.jpg\" rel=\"lightbox[all]\"><img decoding=\"async\" class=\"driefoto\" src=\"http:\/\/laerling-old.localhost\/pictures\/onderdelen_nl_resized.jpg\" alt=\"\" \/><\/a><\/p>\r\nDen faste kj\u00f8len med 60 kg uttagbare ballasten s\u00f8rger for stabilitet, og gj\u00f8r at b\u00e5ten retter seg opp fra enhver vinkel. Denne ballasten er fordelt i 5 deler av 12 kg hver. Delene blir stablet opp\u00e5 hverandre i kj\u00f8len og sikret med bolt og vingemutter.\r\nForholdet mellom disse vektene og totalvekten av skipet er veldig gunstig, 60: 140. L\u00e6rling er nylig blitt komplementert med en selvlensende cockpit. L\u00e6rling er utrustet med Ronstan-beslag og kan leveres med transporttrailer som ekstra utstyr.\r\n\r\n&nbsp;","protected":false},"excerpt":{"rendered":"<p>Ved utviklingen av l\u00e6rlingen har b\u00e5tdesigneren Jan Herman Linge grundig vurdert hvilke egenskaper en slik b\u00e5t m\u00e5 ha for b\u00e5de \u00e5 l\u00e6re barn \u00e5 seile og \u00f8ke entusiasme. Siden denne tomannsb\u00e5ten for barn og unge er utstyrt med en kj\u00f8l er b\u00e5ten stabil og vanskelig \u00e5 kullseile. Dette gir f\u00f8rst og fremst trygghet og tar [&hellip;]<\/p>\n","protected":false},"author":1,"featured_media":0,"parent":0,"menu_order":0,"comment_status":"closed","ping_status":"closed","template":"","meta":{"_monsterinsights_skip_tracking":false,"_monsterinsights_sitenote_active":false,"_monsterinsights_sitenote_note":"","_monsterinsights_sitenote_category":0,"footnotes":""},"class_list":["post-230","page","type-page","status-publish","hentry"],"_links":{"self":[{"href":"http:\/\/www.laerling.nl\/nb\/wp-json\/wp\/v2\/pages\/230","targetHints":{"allow":["GET"]}}],"collection":[{"href":"http:\/\/www.laerling.nl\/nb\/wp-json\/wp\/v2\/pages"}],"about":[{"href":"http:\/\/www.laerling.nl\/nb\/wp-json\/wp\/v2\/types\/page"}],"author":[{"embeddable":true,"href":"http:\/\/www.laerling.nl\/nb\/wp-json\/wp\/v2\/users\/1"}],"replies":[{"embeddable":true,"href":"http:\/\/www.laerling.nl\/nb\/wp-json\/wp\/v2\/comments?post=230"}],"version-history":[{"count":1,"href":"http:\/\/www.laerling.nl\/nb\/wp-json\/wp\/v2\/pages\/230\/revisions"}],"predecessor-version":[{"id":428,"href":"http:\/\/www.laerling.nl\/nb\/wp-json\/wp\/v2\/pages\/230\/revisions\/428"}],"wp:attachment":[{"href":"http:\/\/www.laerling.nl\/nb\/wp-json\/wp\/v2\/media?parent=230"}],"curies":[{"name":"wp","href":"https:\/\/api.w.org\/{rel}","templated":true}]}}