{"id":162,"date":"2015-06-08T15:07:28","date_gmt":"2015-06-08T15:07:28","guid":{"rendered":"http:\/\/www.laerling.nl\/?page_id=162"},"modified":"2017-11-10T09:32:40","modified_gmt":"2017-11-10T09:32:40","slug":"laerling-2","status":"publish","type":"page","link":"http:\/\/www.laerling.nl\/nb\/laerling-2\/","title":{"rendered":"L\u00e6rling"},"content":{"rendered":"&nbsp;\r\n\r\n<strong>L\u00e6rlingen er en liten kj\u00f8lb\u00e5t som egner seg spesielt godt \u00e5 l\u00e6re \u00e5 seile i, for barn og unge p\u00e5 alle niv\u00e5er. L\u00e6rlingen kommer fra det samme tegnebrettet som den mer kjente Soling og Yngling<\/strong> (Olympisk klasse). L\u00e6rling er en tomannsb\u00e5t for barn og unge. Dette skiller L\u00e6rlingen fra Optimisten og letter overgangen til st\u00f8rre kj\u00f8lb\u00e5ter. Barna kan seile sammen, men L\u00e6rling byr ogs\u00e5 p\u00e5 nok plass for en voksen \u00e5 v\u00e6re med. En flott b\u00e5t for hele familie med andre ord.\r\n\r\nL\u00e6rlingen ble designet av Jan Herman Linge, som startet byggingen i 1976. Over hele verden finnes interesse for L\u00e6rlingen fordi den er sikker og komplett. Populariteten strekker seg fra seilskoler til Disney World. I 2005 overtok Vincent de Heer fra Nederland rettighetene til \u00e5 starte produksjon og salg av L\u00e6rlingen. Siden 2007 er L\u00e6rlingen utstyrt med en gummi nese og en selvlensende cockpit, noe som gj\u00f8r L\u00e6rlingen praktisk og attraktivt.","protected":false},"excerpt":{"rendered":"<p>&nbsp; L\u00e6rlingen er en liten kj\u00f8lb\u00e5t som egner seg spesielt godt \u00e5 l\u00e6re \u00e5 seile i, for barn og unge p\u00e5 alle niv\u00e5er. L\u00e6rlingen kommer fra det samme tegnebrettet som den mer kjente Soling og Yngling (Olympisk klasse). L\u00e6rling er en tomannsb\u00e5t for barn og unge. Dette skiller L\u00e6rlingen fra Optimisten og letter overgangen til [&hellip;]<\/p>\n","protected":false},"author":1,"featured_media":0,"parent":0,"menu_order":0,"comment_status":"closed","ping_status":"open","template":"","meta":{"_monsterinsights_skip_tracking":false,"_monsterinsights_sitenote_active":false,"_monsterinsights_sitenote_note":"","_monsterinsights_sitenote_category":0,"footnotes":""},"class_list":["post-162","page","type-page","status-publish","hentry"],"_links":{"self":[{"href":"http:\/\/www.laerling.nl\/nb\/wp-json\/wp\/v2\/pages\/162","targetHints":{"allow":["GET"]}}],"collection":[{"href":"http:\/\/www.laerling.nl\/nb\/wp-json\/wp\/v2\/pages"}],"about":[{"href":"http:\/\/www.laerling.nl\/nb\/wp-json\/wp\/v2\/types\/page"}],"author":[{"embeddable":true,"href":"http:\/\/www.laerling.nl\/nb\/wp-json\/wp\/v2\/users\/1"}],"replies":[{"embeddable":true,"href":"http:\/\/www.laerling.nl\/nb\/wp-json\/wp\/v2\/comments?post=162"}],"version-history":[{"count":1,"href":"http:\/\/www.laerling.nl\/nb\/wp-json\/wp\/v2\/pages\/162\/revisions"}],"predecessor-version":[{"id":427,"href":"http:\/\/www.laerling.nl\/nb\/wp-json\/wp\/v2\/pages\/162\/revisions\/427"}],"wp:attachment":[{"href":"http:\/\/www.laerling.nl\/nb\/wp-json\/wp\/v2\/media?parent=162"}],"curies":[{"name":"wp","href":"https:\/\/api.w.org\/{rel}","templated":true}]}}